{"id":750,"date":"2019-09-23T18:04:25","date_gmt":"2019-09-23T16:04:25","guid":{"rendered":"https:\/\/www.huprotex.de\/cms\/?page_id=750"},"modified":"2020-04-13T11:41:31","modified_gmt":"2020-04-13T09:41:31","slug":"zubehoer-fuer-die-schutzhalsungen-sr-sr-g-und-wsr","status":"publish","type":"page","link":"https:\/\/www.huprotex.de\/cms\/zubehoer-fuer-die-schutzhalsungen-sr-sr-g-und-wsr\/","title":{"rendered":"Zubeh\u00f6r f\u00fcr die Schutzhalsungen SR, SR-g und WSR"},"content":{"rendered":"<p>[et_pb_section fb_built=&#8220;1&#8243; admin_label=&#8220;section&#8220; _builder_version=&#8220;3.22&#8243; fb_built=&#8220;1&#8243; _i=&#8220;0&#8243; _address=&#8220;0&#8243;][et_pb_row admin_label=&#8220;row&#8220; _builder_version=&#8220;3.25&#8243; background_size=&#8220;initial&#8220; background_position=&#8220;top_left&#8220; background_repeat=&#8220;repeat&#8220; _i=&#8220;0&#8243; _address=&#8220;0.0&#8243;][et_pb_column type=&#8220;4_4&#8243; _builder_version=&#8220;3.25&#8243; custom_padding=&#8220;|||&#8220; _i=&#8220;0&#8243; _address=&#8220;0.0.0&#8243; custom_padding__hover=&#8220;|||&#8220;][et_pb_text _builder_version=&#8220;3.27.4&#8243; _i=&#8220;0&#8243; _address=&#8220;0.0.0.0&#8243;]<\/p>\n<h3><strong>1. Ortungsglocke mit Klingelstopp<\/strong><\/h3>\n<p>[\/et_pb_text][\/et_pb_column][\/et_pb_row][et_pb_row column_structure=&#8220;1_2,1_2&#8243; admin_label=&#8220;row&#8220; _builder_version=&#8220;3.25&#8243; background_size=&#8220;initial&#8220; background_position=&#8220;top_left&#8220; background_repeat=&#8220;repeat&#8220; _i=&#8220;1&#8243; _address=&#8220;0.1&#8243;][et_pb_column type=&#8220;1_2&#8243; _builder_version=&#8220;3.25&#8243; custom_padding=&#8220;|||&#8220; _i=&#8220;0&#8243; _address=&#8220;0.1.0&#8243; custom_padding__hover=&#8220;|||&#8220;][et_pb_image src=&#8220;https:\/\/www.huprotex.de\/cms\/wp-content\/uploads\/2019\/09\/DSCN3367.jpg&#8220; align_tablet=&#8220;center&#8220; align_last_edited=&#8220;on|desktop&#8220; admin_label=&#8220;1. Produktbild&#8220; _builder_version=&#8220;3.27.4&#8243; border_style=&#8220;solid&#8220; animation=&#8220;off&#8220; sticky=&#8220;off&#8220; _i=&#8220;0&#8243; _address=&#8220;0.1.0.0&#8243;][\/et_pb_image][\/et_pb_column][et_pb_column type=&#8220;1_2&#8243; _builder_version=&#8220;3.25&#8243; custom_padding=&#8220;|||&#8220; _i=&#8220;1&#8243; _address=&#8220;0.1.1&#8243; custom_padding__hover=&#8220;|||&#8220;][et_pb_text admin_label=&#8220;1. Produktbeschreibung&#8220; _builder_version=&#8220;3.27.4&#8243; border_style=&#8220;solid&#8220; _i=&#8220;0&#8243; _address=&#8220;0.1.1.0&#8243;]<\/p>\n<p>Die Befestigung ist mittels Schl\u00fcsselring an den Kunststoffrippen, an der Leinen\u00f6se oder an den Riemenschlaufen der <strong>Halsungen SR, SR-g und WSR<\/strong> m\u00f6glich.<\/p>\n<p>Der Klingelstopp ist ein kleines robustes Kunststoffteil, welches in den Schlitz der Glocke gedr\u00fcckt wird und diese damit stumm \u00a0schaltet.<\/p>\n<p>So kann man das Klingeln der Glocke z.B. im Auto oder bei der gemeinsamen Pirsch mit dem Hund ausschalten.<\/p>\n<p><strong><u>Preis:<\/u><\/strong><\/p>\n<p><span style=\"font-size: 14px;\">20,00 \u20ac incl. MWSt<\/span><\/p>\n<p>[\/et_pb_text][et_pb_button button_url=&#8220;https:\/\/www.huprotex.de\/cms\/bestellung-schutzhalsung\/&#8220; button_text=&#8220;Hier bestellen&#8220; _builder_version=&#8220;3.27.4&#8243; box_shadow_style=&#8220;preset2&#8243; _i=&#8220;1&#8243; _address=&#8220;0.1.1.1&#8243;][\/et_pb_button][\/et_pb_column][\/et_pb_row][et_pb_row admin_label=&#8220;row&#8220; _builder_version=&#8220;3.25&#8243; background_size=&#8220;initial&#8220; background_position=&#8220;top_left&#8220; background_repeat=&#8220;repeat&#8220; _i=&#8220;2&#8243; _address=&#8220;0.2&#8243;][et_pb_column type=&#8220;4_4&#8243; _builder_version=&#8220;3.25&#8243; custom_padding=&#8220;|||&#8220; _i=&#8220;0&#8243; _address=&#8220;0.2.0&#8243; custom_padding__hover=&#8220;|||&#8220;][et_pb_text _builder_version=&#8220;3.27.4&#8243; _i=&#8220;0&#8243; _address=&#8220;0.2.0.0&#8243;]<\/p>\n<h3><strong>2. Sendertasche f\u00fcr GPS-Tracker<\/strong><\/h3>\n<p>[\/et_pb_text][\/et_pb_column][\/et_pb_row][et_pb_row column_structure=&#8220;1_4,1_4,1_2&#8243; admin_label=&#8220;row&#8220; _builder_version=&#8220;3.25&#8243; background_size=&#8220;initial&#8220; background_position=&#8220;top_left&#8220; background_repeat=&#8220;repeat&#8220; _i=&#8220;3&#8243; _address=&#8220;0.3&#8243;][et_pb_column type=&#8220;1_4&#8243; _builder_version=&#8220;3.25&#8243; custom_padding=&#8220;|||&#8220; _i=&#8220;0&#8243; _address=&#8220;0.3.0&#8243; custom_padding__hover=&#8220;|||&#8220;][et_pb_image src=&#8220;https:\/\/www.huprotex.de\/cms\/wp-content\/uploads\/2020\/04\/DSCN3424.jpg&#8220; align_tablet=&#8220;center&#8220; align_last_edited=&#8220;on|desktop&#8220; admin_label=&#8220;2. Produktbild&#8220; _builder_version=&#8220;3.27.4&#8243; border_style=&#8220;solid&#8220; animation=&#8220;off&#8220; sticky=&#8220;off&#8220; _i=&#8220;0&#8243; _address=&#8220;0.3.0.0&#8243;][\/et_pb_image][\/et_pb_column][et_pb_column type=&#8220;1_4&#8243; _builder_version=&#8220;3.25&#8243; custom_padding=&#8220;|||&#8220; _i=&#8220;1&#8243; _address=&#8220;0.3.1&#8243; custom_padding__hover=&#8220;|||&#8220;][et_pb_image src=&#8220;https:\/\/www.huprotex.de\/cms\/wp-content\/uploads\/2020\/04\/DSCN3427-e1586538943369.jpg&#8220; align_tablet=&#8220;center&#8220; align_last_edited=&#8220;on|desktop&#8220; admin_label=&#8220;2.2 Produktbild&#8220; _builder_version=&#8220;3.27.4&#8243; border_style=&#8220;solid&#8220; animation=&#8220;off&#8220; sticky=&#8220;off&#8220; _i=&#8220;0&#8243; _address=&#8220;0.3.1.0&#8243;][\/et_pb_image][\/et_pb_column][et_pb_column type=&#8220;1_2&#8243; _builder_version=&#8220;3.25&#8243; custom_padding=&#8220;|||&#8220; _i=&#8220;2&#8243; _address=&#8220;0.3.2&#8243; custom_padding__hover=&#8220;|||&#8220;][et_pb_text admin_label=&#8220;2. Produktbeschreibung&#8220; _builder_version=&#8220;3.27.4&#8243; hover_enabled=&#8220;0&#8243; _i=&#8220;0&#8243; _address=&#8220;0.3.2.0&#8243;]<\/p>\n<p>F\u00fcr die <strong>Halsungen SR und WSR<\/strong> bieten wir eine Sendertasche f\u00fcr kleine\u00a0 \u00a0 \u00a0 GPS-Tracker (wie z.B. die Modelle von Tractive) an.<\/p>\n<p>Bei etwas gr\u00f6\u00dferen Sendern bitte vorher anfragen, ob diese in die Tasche passen.<\/p>\n<p>Der Verschlu\u00df erfolgt auf der Innenseite der Halsung, so das die Sendertasche nur bei abgenommener Halsung ge\u00f6ffnet und geschlossen werden kann.<\/p>\n<p><strong><u>Preis:<\/u><\/strong><\/p>\n<p>35,00 \u20ac inkl. MWSt<\/p>\n<p>[\/et_pb_text][et_pb_button button_url=&#8220;https:\/\/www.huprotex.de\/cms\/bestellung-schutzhalsung\/&#8220; button_text=&#8220;Hier bestellen&#8220; _builder_version=&#8220;3.27.4&#8243; box_shadow_style=&#8220;preset2&#8243; _i=&#8220;1&#8243; _address=&#8220;0.3.2.1&#8243;][\/et_pb_button][\/et_pb_column][\/et_pb_row][\/et_pb_section]<\/p>\n","protected":false},"excerpt":{"rendered":"<p>1. Ortungsglocke mit KlingelstoppDie Befestigung ist mittels Schl\u00fcsselring an den Kunststoffrippen, an der Leinen\u00f6se oder an den Riemenschlaufen der Halsungen SR, SR-g und WSR m\u00f6glich. Der Klingelstopp ist ein kleines robustes Kunststoffteil, welches in den Schlitz der Glocke gedr\u00fcckt wird und diese damit stumm \u00a0schaltet. So kann man das Klingeln der Glocke z.B. im Auto [&hellip;]<\/p>\n","protected":false},"author":1,"featured_media":0,"parent":0,"menu_order":0,"comment_status":"closed","ping_status":"closed","template":"","meta":{"_et_pb_use_builder":"on","_et_pb_old_content":"","_et_gb_content_width":"","footnotes":""},"class_list":["post-750","page","type-page","status-publish","hentry"],"aioseo_notices":[],"_links":{"self":[{"href":"https:\/\/www.huprotex.de\/cms\/wp-json\/wp\/v2\/pages\/750","targetHints":{"allow":["GET"]}}],"collection":[{"href":"https:\/\/www.huprotex.de\/cms\/wp-json\/wp\/v2\/pages"}],"about":[{"href":"https:\/\/www.huprotex.de\/cms\/wp-json\/wp\/v2\/types\/page"}],"author":[{"embeddable":true,"href":"https:\/\/www.huprotex.de\/cms\/wp-json\/wp\/v2\/users\/1"}],"replies":[{"embeddable":true,"href":"https:\/\/www.huprotex.de\/cms\/wp-json\/wp\/v2\/comments?post=750"}],"version-history":[{"count":12,"href":"https:\/\/www.huprotex.de\/cms\/wp-json\/wp\/v2\/pages\/750\/revisions"}],"predecessor-version":[{"id":1103,"href":"https:\/\/www.huprotex.de\/cms\/wp-json\/wp\/v2\/pages\/750\/revisions\/1103"}],"wp:attachment":[{"href":"https:\/\/www.huprotex.de\/cms\/wp-json\/wp\/v2\/media?parent=750"}],"curies":[{"name":"wp","href":"https:\/\/api.w.org\/{rel}","templated":true}]}}