{"id":282,"date":"2017-07-31T10:34:21","date_gmt":"2017-07-31T08:34:21","guid":{"rendered":"https:\/\/www.huprotex.de\/cms\/?page_id=282"},"modified":"2025-03-26T13:17:28","modified_gmt":"2025-03-26T12:17:28","slug":"individuelle-ausstattungen","status":"publish","type":"page","link":"https:\/\/www.huprotex.de\/cms\/individuelle-ausstattungen\/","title":{"rendered":"Individuelle Ausstattungen"},"content":{"rendered":"<p>[et_pb_section fb_built=&#8220;1&#8243; admin_label=&#8220;section&#8220; _builder_version=&#8220;4.16&#8243; global_colors_info=&#8220;{}&#8220;][et_pb_row admin_label=&#8220;row&#8220; _builder_version=&#8220;4.16&#8243; background_size=&#8220;initial&#8220; background_position=&#8220;top_left&#8220; background_repeat=&#8220;repeat&#8220; global_colors_info=&#8220;{}&#8220;][et_pb_column type=&#8220;4_4&#8243; _builder_version=&#8220;4.16&#8243; custom_padding=&#8220;|||&#8220; global_colors_info=&#8220;{}&#8220; custom_padding__hover=&#8220;|||&#8220;][et_pb_text admin_label=&#8220;1. \u00dcberschrift&#8220; _builder_version=&#8220;4.16&#8243; border_style=&#8220;solid&#8220; global_colors_info=&#8220;{}&#8220;]<\/p>\n<h3>1. Schulterschutz<\/h3>\n<p>[\/et_pb_text][\/et_pb_column][\/et_pb_row][et_pb_row column_structure=&#8220;1_4,1_4,1_2&#8243; admin_label=&#8220;row&#8220; _builder_version=&#8220;4.16&#8243; background_size=&#8220;initial&#8220; background_position=&#8220;top_left&#8220; background_repeat=&#8220;repeat&#8220; global_colors_info=&#8220;{}&#8220;][et_pb_column type=&#8220;1_4&#8243; _builder_version=&#8220;4.16&#8243; custom_padding=&#8220;|||&#8220; global_colors_info=&#8220;{}&#8220; custom_padding__hover=&#8220;|||&#8220;][et_pb_image src=&#8220;https:\/\/www.huprotex.de\/cms\/wp-content\/uploads\/2017\/08\/Huprotex_Schulterschutz_1.jpg&#8220; align_tablet=&#8220;center&#8220; align_phone=&#8220;&#8220; align_last_edited=&#8220;on|desktop&#8220; admin_label=&#8220;1. Produktbild&#8220; _builder_version=&#8220;4.16&#8243; border_style=&#8220;solid&#8220; animation=&#8220;off&#8220; sticky=&#8220;off&#8220; global_colors_info=&#8220;{}&#8220;][\/et_pb_image][\/et_pb_column][et_pb_column type=&#8220;1_4&#8243; _builder_version=&#8220;4.16&#8243; custom_padding=&#8220;|||&#8220; global_colors_info=&#8220;{}&#8220; custom_padding__hover=&#8220;|||&#8220;][et_pb_image src=&#8220;https:\/\/www.huprotex.de\/cms\/wp-content\/uploads\/2017\/08\/Huprotex_Schulterschutz_2.jpg&#8220; align_tablet=&#8220;center&#8220; align_phone=&#8220;&#8220; align_last_edited=&#8220;on|desktop&#8220; admin_label=&#8220;1. 1 Produktbild&#8220; _builder_version=&#8220;4.16&#8243; border_style=&#8220;solid&#8220; animation=&#8220;off&#8220; sticky=&#8220;off&#8220; global_colors_info=&#8220;{}&#8220;][\/et_pb_image][\/et_pb_column][et_pb_column type=&#8220;1_2&#8243; _builder_version=&#8220;4.16&#8243; custom_padding=&#8220;|||&#8220; global_colors_info=&#8220;{}&#8220; custom_padding__hover=&#8220;|||&#8220;][et_pb_text admin_label=&#8220;1. Produktbeschreibung&#8220; _builder_version=&#8220;4.20.0&#8243; hover_enabled=&#8220;0&#8243; border_style=&#8220;solid&#8220; global_colors_info=&#8220;{}&#8220; sticky_enabled=&#8220;0&#8243;]<\/p>\n<p>Alle Schutzwesten ab einem Brustumfang von 58,0cm, k\u00f6nnen mit einem zus\u00e4tzlichen Schulterschutz ausgestattet werden.<\/p>\n<p>Dieser erh\u00f6ht den Schutz des Hundes im Bereich des Vorderlaufes und der Achselh\u00f6hle, ohne die Bewegungsfreiheit zu behindern und ist mit einem schwimmf\u00e4higen und sto\u00dfd\u00e4mpfenden Schaumstoffpolster versehen.<\/p>\n<p><strong><u>Farben:<\/u><\/strong>\u00a0 Der Schulterschutz hat standardm\u00e4\u00dfig bei allen Westen die Farbe Rot. Auf Wunsch k\u00f6nnen Sie den Schulterschutz auch ohne Mehrpreis in Farbe Blau bekommen.<\/p>\n<p><strong><u>Preise:<\/u><\/strong><\/p>\n<ul>\n<li>45,00 \u20ac (Westen mit Brustumfang von 58,0 &#8211; 72cm)<\/li>\n<li>50,00 \u20ac (Westen mit Brustumfang von 73,0 &#8211; 90cm)<\/li>\n<\/ul>\n<p>[\/et_pb_text][\/et_pb_column][\/et_pb_row][et_pb_row admin_label=&#8220;row&#8220; _builder_version=&#8220;4.16&#8243; background_size=&#8220;initial&#8220; background_position=&#8220;top_left&#8220; background_repeat=&#8220;repeat&#8220; global_colors_info=&#8220;{}&#8220;][et_pb_column type=&#8220;4_4&#8243; _builder_version=&#8220;4.16&#8243; custom_padding=&#8220;|||&#8220; global_colors_info=&#8220;{}&#8220; custom_padding__hover=&#8220;|||&#8220;][et_pb_text admin_label=&#8220;2. \u00dcberschrift&#8220; _builder_version=&#8220;4.16&#8243; border_style=&#8220;solid&#8220; global_colors_info=&#8220;{}&#8220;]<\/p>\n<h3>2. R\u00fcckenschutz<\/h3>\n<p>[\/et_pb_text][\/et_pb_column][\/et_pb_row][et_pb_row column_structure=&#8220;1_4,1_4,1_2&#8243; admin_label=&#8220;row&#8220; _builder_version=&#8220;4.16&#8243; background_size=&#8220;initial&#8220; background_position=&#8220;top_left&#8220; background_repeat=&#8220;repeat&#8220; global_colors_info=&#8220;{}&#8220;][et_pb_column type=&#8220;1_4&#8243; _builder_version=&#8220;4.16&#8243; custom_padding=&#8220;|||&#8220; global_colors_info=&#8220;{}&#8220; custom_padding__hover=&#8220;|||&#8220;][et_pb_image src=&#8220;https:\/\/www.huprotex.de\/cms\/wp-content\/uploads\/2017\/08\/Huprotex_Rueckenschutz_1.jpg&#8220; align_tablet=&#8220;center&#8220; align_phone=&#8220;&#8220; align_last_edited=&#8220;on|desktop&#8220; admin_label=&#8220;2. Produktbild&#8220; _builder_version=&#8220;4.16&#8243; border_style=&#8220;solid&#8220; animation=&#8220;off&#8220; sticky=&#8220;off&#8220; global_colors_info=&#8220;{}&#8220;][\/et_pb_image][\/et_pb_column][et_pb_column type=&#8220;1_4&#8243; _builder_version=&#8220;4.16&#8243; custom_padding=&#8220;|||&#8220; global_colors_info=&#8220;{}&#8220; custom_padding__hover=&#8220;|||&#8220;][et_pb_image src=&#8220;https:\/\/www.huprotex.de\/cms\/wp-content\/uploads\/2017\/08\/Huprotex_Rueckenschutz_2.jpg&#8220; align_tablet=&#8220;center&#8220; align_phone=&#8220;&#8220; align_last_edited=&#8220;on|desktop&#8220; admin_label=&#8220;2.2 Produktbild&#8220; _builder_version=&#8220;4.16&#8243; border_style=&#8220;solid&#8220; animation=&#8220;off&#8220; sticky=&#8220;off&#8220; global_colors_info=&#8220;{}&#8220;][\/et_pb_image][\/et_pb_column][et_pb_column type=&#8220;1_2&#8243; _builder_version=&#8220;4.16&#8243; custom_padding=&#8220;|||&#8220; global_colors_info=&#8220;{}&#8220; custom_padding__hover=&#8220;|||&#8220;][et_pb_text admin_label=&#8220;2. Produktbeschreibung&#8220; _builder_version=&#8220;4.20.0&#8243; hover_enabled=&#8220;0&#8243; global_colors_info=&#8220;{}&#8220; sticky_enabled=&#8220;0&#8243;]<\/p>\n<p>Alle Westen ab einem Brustumfang von 58,0cm, k\u00f6nnen im R\u00fcckenbereich zum Schutz der Wirbels\u00e4ule mit einem zus\u00e4tzlichen Bei\u00dfschutz gegen Angriffe von Bachen, Raubwild oder Wolf ausgestattet werden.<\/p>\n<p>Hierf\u00fcr werden mehrere Schaumstoffpolster in die Weste eingearbeitet und mit einem besonders rei\u00dffesten Corduragewebe von au\u00dfen abgedeckt.<\/p>\n<p>Als positiver Nebeneffekt wird eine derart abgepolsterte Weste zur Schwimmweste.<\/p>\n<p><strong><u>Farben: <\/u><\/strong>\u00a0Als m\u00f6gliche Farben f\u00fcr diesen R\u00fcckenschutz stehen rot und blau zur Auswahl<\/p>\n<p><strong><u>Preise:<\/u><\/strong><\/p>\n<ul>\n<li>95,00 \u20ac (Westen mit Brustumfang von 58,0 &#8211; 72cm)<\/li>\n<li>105,00 \u20ac (Westen mit Brustumfang von 73,0 &#8211; 90cm)<\/li>\n<\/ul>\n<p>[\/et_pb_text][\/et_pb_column][\/et_pb_row][et_pb_row admin_label=&#8220;row&#8220; _builder_version=&#8220;4.16&#8243; background_size=&#8220;initial&#8220; background_position=&#8220;top_left&#8220; background_repeat=&#8220;repeat&#8220; global_colors_info=&#8220;{}&#8220;][et_pb_column type=&#8220;4_4&#8243; _builder_version=&#8220;4.16&#8243; custom_padding=&#8220;|||&#8220; global_colors_info=&#8220;{}&#8220; custom_padding__hover=&#8220;|||&#8220;][et_pb_text admin_label=&#8220;3. \u00dcberschrift&#8220; _builder_version=&#8220;4.16&#8243; border_style=&#8220;solid&#8220; global_colors_info=&#8220;{}&#8220;]<\/p>\n<h3>3. individueller Aufn\u00e4her<\/h3>\n<p>[\/et_pb_text][\/et_pb_column][\/et_pb_row][et_pb_row column_structure=&#8220;1_2,1_2&#8243; admin_label=&#8220;row&#8220; _builder_version=&#8220;4.16&#8243; background_size=&#8220;initial&#8220; background_position=&#8220;top_left&#8220; background_repeat=&#8220;repeat&#8220; global_colors_info=&#8220;{}&#8220;][et_pb_column type=&#8220;1_2&#8243; _builder_version=&#8220;4.16&#8243; custom_padding=&#8220;|||&#8220; global_colors_info=&#8220;{}&#8220; custom_padding__hover=&#8220;|||&#8220;][et_pb_image src=&#8220;https:\/\/www.huprotex.de\/cms\/wp-content\/uploads\/2017\/08\/Aufnaeher.jpg&#8220; align_tablet=&#8220;center&#8220; align_phone=&#8220;&#8220; align_last_edited=&#8220;on|desktop&#8220; admin_label=&#8220;3. Produktbild&#8220; _builder_version=&#8220;4.16&#8243; border_style=&#8220;solid&#8220; animation=&#8220;off&#8220; sticky=&#8220;off&#8220; global_colors_info=&#8220;{}&#8220;][\/et_pb_image][\/et_pb_column][et_pb_column type=&#8220;1_2&#8243; _builder_version=&#8220;4.16&#8243; custom_padding=&#8220;|||&#8220; global_colors_info=&#8220;{}&#8220; custom_padding__hover=&#8220;|||&#8220;][et_pb_text admin_label=&#8220;4. Produktbeschreibung&#8220; _builder_version=&#8220;4.20.0&#8243; border_style=&#8220;solid&#8220; global_colors_info=&#8220;{}&#8220;]<\/p>\n<p>Auf Wunsch k\u00f6nnen wir Ihre Weste mit einem individuellen Aufn\u00e4her ausstatten, auf dem zum Beispiel Ihr Name und\/oder Ihre Telefonnummer eingestickt ist.<\/p>\n<p><strong><u>Preise:<\/u><\/strong><\/p>\n<ul>\n<li>&#8222;Jagdhund im Einsatz&#8220; &#8211; 15,00 \u20ac<\/li>\n<li>beliebiger Text bis 30 Zeichen &#8211; 20,00 \u20ac<\/li>\n<\/ul>\n<p>&nbsp;<\/p>\n<p>Alternativ kann man die Westen auch mit einem wasserfesten Stift beschriften &#8211; am besten auf den gelben Fl\u00e4chen der Signalstreifen.<\/p>\n<p>[\/et_pb_text][\/et_pb_column][\/et_pb_row][et_pb_row admin_label=&#8220;row&#8220; _builder_version=&#8220;4.16&#8243; background_size=&#8220;initial&#8220; background_position=&#8220;top_left&#8220; background_repeat=&#8220;repeat&#8220; global_colors_info=&#8220;{}&#8220;][et_pb_column type=&#8220;4_4&#8243; _builder_version=&#8220;4.16&#8243; custom_padding=&#8220;|||&#8220; global_colors_info=&#8220;{}&#8220; custom_padding__hover=&#8220;|||&#8220;][et_pb_text admin_label=&#8220;4. \u00dcberschrift&#8220; _builder_version=&#8220;4.16&#8243; border_style=&#8220;solid&#8220; global_colors_info=&#8220;{}&#8220;]<\/p>\n<h3>4. GPS Tracker &#8211; Tasche<\/h3>\n<p>[\/et_pb_text][\/et_pb_column][\/et_pb_row][et_pb_row column_structure=&#8220;1_2,1_2&#8243; admin_label=&#8220;row&#8220; _builder_version=&#8220;4.16&#8243; background_size=&#8220;initial&#8220; background_position=&#8220;top_left&#8220; background_repeat=&#8220;repeat&#8220; global_colors_info=&#8220;{}&#8220;][et_pb_column type=&#8220;1_2&#8243; _builder_version=&#8220;4.16&#8243; custom_padding=&#8220;|||&#8220; global_colors_info=&#8220;{}&#8220; custom_padding__hover=&#8220;|||&#8220;][et_pb_image src=&#8220;https:\/\/www.huprotex.de\/cms\/wp-content\/uploads\/2017\/08\/GPS_Tasche.jpg&#8220; align_tablet=&#8220;center&#8220; align_phone=&#8220;&#8220; align_last_edited=&#8220;on|desktop&#8220; admin_label=&#8220;4. Produktbild&#8220; _builder_version=&#8220;4.16&#8243; border_style=&#8220;solid&#8220; animation=&#8220;off&#8220; sticky=&#8220;off&#8220; global_colors_info=&#8220;{}&#8220;][\/et_pb_image][\/et_pb_column][et_pb_column type=&#8220;1_2&#8243; _builder_version=&#8220;4.16&#8243; custom_padding=&#8220;|||&#8220; global_colors_info=&#8220;{}&#8220; custom_padding__hover=&#8220;|||&#8220;][et_pb_text admin_label=&#8220;4. Produktbeschreibung&#8220; _builder_version=&#8220;4.20.0&#8243; border_style=&#8220;solid&#8220; global_colors_info=&#8220;{}&#8220;]<\/p>\n<p>Die Schutzwesten k\u00f6nnen mit einer Tasche f\u00fcr GPS-Sender versehen werden. Diese Tasche befindet sich am hinteren Ende der Weste auf der Innenseite, so dass sie sich auf keinen Fall versehentlich \u00f6ffnen kann.<\/p>\n<p><strong><u>Bitte beachten: <\/u><\/strong>nicht geeignet f\u00fcr Garmin Astro oder andere gro\u00dfe Sender mit Antennen. \u00a0Derartige Senderhalsungen k\u00f6nnen problemlos zusammen mit der Weste getragen werden.<\/p>\n<p><strong><u>Preis:<\/u><\/strong> 30,00 \u20ac<\/p>\n<p>[\/et_pb_text][\/et_pb_column][\/et_pb_row][et_pb_row admin_label=&#8220;row&#8220; _builder_version=&#8220;4.16&#8243; background_size=&#8220;initial&#8220; background_position=&#8220;top_left&#8220; background_repeat=&#8220;repeat&#8220; global_colors_info=&#8220;{}&#8220;][et_pb_column type=&#8220;4_4&#8243; _builder_version=&#8220;4.16&#8243; custom_padding=&#8220;|||&#8220; global_colors_info=&#8220;{}&#8220; custom_padding__hover=&#8220;|||&#8220;][et_pb_text admin_label=&#8220;5. \u00dcberschrift&#8220; _builder_version=&#8220;4.16&#8243; border_style=&#8220;solid&#8220; global_colors_info=&#8220;{}&#8220;]<\/p>\n<h3>5. Glocken\u00f6sen und Ortungsglocken<\/h3>\n<p>[\/et_pb_text][\/et_pb_column][\/et_pb_row][et_pb_row column_structure=&#8220;1_4,1_4,1_2&#8243; admin_label=&#8220;row&#8220; _builder_version=&#8220;4.16&#8243; background_size=&#8220;initial&#8220; background_position=&#8220;top_left&#8220; background_repeat=&#8220;repeat&#8220; global_colors_info=&#8220;{}&#8220;][et_pb_column type=&#8220;1_4&#8243; _builder_version=&#8220;4.16&#8243; custom_padding=&#8220;|||&#8220; global_colors_info=&#8220;{}&#8220; custom_padding__hover=&#8220;|||&#8220;][et_pb_image src=&#8220;https:\/\/www.huprotex.de\/cms\/wp-content\/uploads\/2017\/08\/Glockenoese.jpg&#8220; align_tablet=&#8220;center&#8220; align_phone=&#8220;&#8220; align_last_edited=&#8220;on|desktop&#8220; admin_label=&#8220;5. Produktbild&#8220; _builder_version=&#8220;4.16&#8243; border_style=&#8220;solid&#8220; animation=&#8220;off&#8220; sticky=&#8220;off&#8220; global_colors_info=&#8220;{}&#8220;][\/et_pb_image][et_pb_image src=&#8220;https:\/\/www.huprotex.de\/cms\/wp-content\/uploads\/2017\/08\/Ortungsglocke.jpg&#8220; align_tablet=&#8220;center&#8220; align_phone=&#8220;&#8220; align_last_edited=&#8220;on|desktop&#8220; admin_label=&#8220;5.1 Produktbild&#8220; _builder_version=&#8220;4.16&#8243; border_style=&#8220;solid&#8220; animation=&#8220;off&#8220; sticky=&#8220;off&#8220; global_colors_info=&#8220;{}&#8220;][\/et_pb_image][\/et_pb_column][et_pb_column type=&#8220;1_4&#8243; _builder_version=&#8220;4.16&#8243; custom_padding=&#8220;|||&#8220; global_colors_info=&#8220;{}&#8220; custom_padding__hover=&#8220;|||&#8220;][et_pb_image src=&#8220;https:\/\/www.huprotex.de\/cms\/wp-content\/uploads\/2017\/08\/Klingelstopp.jpg&#8220; align_tablet=&#8220;center&#8220; align_phone=&#8220;&#8220; align_last_edited=&#8220;on|desktop&#8220; admin_label=&#8220;5.2 Produktbild&#8220; _builder_version=&#8220;4.16&#8243; border_style=&#8220;solid&#8220; animation=&#8220;off&#8220; sticky=&#8220;off&#8220; global_colors_info=&#8220;{}&#8220;][\/et_pb_image][\/et_pb_column][et_pb_column type=&#8220;1_2&#8243; _builder_version=&#8220;4.16&#8243; custom_padding=&#8220;|||&#8220; global_colors_info=&#8220;{}&#8220; custom_padding__hover=&#8220;|||&#8220;][et_pb_text admin_label=&#8220;5. Produktbeschreibung&#8220; _builder_version=&#8220;4.16&#8243; border_style=&#8220;solid&#8220; global_colors_info=&#8220;{}&#8220;]<\/p>\n<p>Auf Wunsch versehen wir die Schutzwesten jeweils vorn und hinten mit einer Ring\u00f6se als Befestigungsm\u00f6glichkeit f\u00fcr Ortungsglocken.<\/p>\n<p>Passend dazu bieten wir auch eine Ortungsglocke mit einem \u201eKlingelstopp\u201c an. Das ist ein kleines robustes Kunststoffteil, welches in den Schlitz der Glocke gedr\u00fcckt wird und diese damit stumm \u00a0schaltet.<\/p>\n<p>So werden Sie beim Transport Ihrer Hundeschutzweste im Auto oder im Rucksack nicht vom st\u00e4ndigen L\u00e4uten der Glocke gest\u00f6rt.<\/p>\n<p><strong><u>Preise:<\/u><\/strong><\/p>\n<ul>\n<li>Glocken\u00f6se vorn und hinten &#8211;\u00a0 \u00a0 5,00 \u20ac<\/li>\n<li>Ortungsglocke + Klingelstopp- 20,00 \u20ac<\/li>\n<\/ul>\n<p>[\/et_pb_text][\/et_pb_column][\/et_pb_row][et_pb_row _builder_version=&#8220;4.20.0&#8243; _module_preset=&#8220;default&#8220; global_colors_info=&#8220;{}&#8220;][et_pb_column type=&#8220;4_4&#8243; _builder_version=&#8220;4.20.0&#8243; _module_preset=&#8220;default&#8220; global_colors_info=&#8220;{}&#8220;][et_pb_text admin_label=&#8220;5. \u00dcberschrift&#8220; _builder_version=&#8220;4.20.0&#8243; border_style=&#8220;solid&#8220; global_colors_info=&#8220;{}&#8220;]<\/p>\n<h3>6. Leinen\u00f6sen<\/h3>\n<p>[\/et_pb_text][\/et_pb_column][\/et_pb_row][et_pb_row column_structure=&#8220;1_2,1_2&#8243; admin_label=&#8220;row&#8220; _builder_version=&#8220;4.16&#8243; background_size=&#8220;initial&#8220; background_position=&#8220;top_left&#8220; background_repeat=&#8220;repeat&#8220; global_colors_info=&#8220;{}&#8220;][et_pb_column type=&#8220;1_2&#8243; _builder_version=&#8220;4.16&#8243; custom_padding=&#8220;|||&#8220; global_colors_info=&#8220;{}&#8220; custom_padding__hover=&#8220;|||&#8220;][et_pb_image src=&#8220;http:\/\/www.huprotex.de\/cms\/wp-content\/uploads\/2025\/03\/20231218_102304-scaled.jpg&#8220; title_text=&#8220;20231218_102304&#8243; _builder_version=&#8220;4.20.0&#8243; _module_preset=&#8220;default&#8220; global_colors_info=&#8220;{}&#8220;][\/et_pb_image][\/et_pb_column][et_pb_column type=&#8220;1_2&#8243; _builder_version=&#8220;4.16&#8243; custom_padding=&#8220;|||&#8220; global_colors_info=&#8220;{}&#8220; custom_padding__hover=&#8220;|||&#8220;][et_pb_text admin_label=&#8220;5. Produktbeschreibung&#8220; _builder_version=&#8220;4.20.0&#8243; border_style=&#8220;solid&#8220; global_colors_info=&#8220;{}&#8220;]<\/p>\n<p>Wenn Sie den Hund ohne Halsung und ohne Geschirr direkt an der Weste anleinen m\u00f6chten, dann k\u00f6nnen wir am R\u00fccken der Schutzweste einen stabilen Biothane-Riemen mit D-Ring anbringen.<\/p>\n<p>Durch das Riemenst\u00fcck wird die Zugkraft auf einen gr\u00f6\u00dferen Bereich der Weste verteilt.<\/p>\n<p>Der D-Ring wird mit einem kurzen Riemenst\u00fcck abgedeckt, damit der frei laufende Hund daran nicht h\u00e4ngen bleiben kann.<\/p>\n<p><span style=\"text-decoration: underline;\"><strong>Preis:<\/strong><\/span>\u00a0 35,- \u20ac<\/p>\n<ul><\/ul>\n<p>[\/et_pb_text][\/et_pb_column][\/et_pb_row][et_pb_row admin_label=&#8220;row&#8220; _builder_version=&#8220;4.16&#8243; background_size=&#8220;initial&#8220; background_position=&#8220;top_left&#8220; background_repeat=&#8220;repeat&#8220; custom_margin=&#8220;-49px|auto||auto||&#8220; global_colors_info=&#8220;{}&#8220;][et_pb_column type=&#8220;4_4&#8243; _builder_version=&#8220;4.16&#8243; custom_padding=&#8220;|||&#8220; global_colors_info=&#8220;{}&#8220; custom_padding__hover=&#8220;|||&#8220;][et_pb_text admin_label=&#8220;6. \u00dcberschrift&#8220; _builder_version=&#8220;4.20.0&#8243; custom_padding=&#8220;2px||2px|||&#8220; border_style=&#8220;solid&#8220; global_colors_info=&#8220;{}&#8220;][\/et_pb_text][et_pb_text admin_label=&#8220;6. \u00dcberschrift&#8220; _builder_version=&#8220;4.20.0&#8243; custom_padding=&#8220;2px||2px|||&#8220; border_style=&#8220;solid&#8220; global_colors_info=&#8220;{}&#8220;]<\/p>\n<h3>7. Sonderfarbvarianten der Schutzwesten<\/h3>\n<p>[\/et_pb_text][et_pb_text admin_label=&#8220;6. Hinweis&#8220; _builder_version=&#8220;4.20.0&#8243; min_height=&#8220;184px&#8220; border_style=&#8220;solid&#8220; global_colors_info=&#8220;{}&#8220;]<\/p>\n<p>Standardm\u00e4\u00dfig sind unsere Westen einfarbig rot, orange, blau oder gr\u00fcn mit jeweils neongelben Signalstreifen auf beiden Seiten.<\/p>\n<p>Auf Wunsch k\u00f6nnen wir die Westen auch zweifarbig ausf\u00fchren (eine Farbe oberhalb des Signalstreifens und die andere unterhalb). Bei den zweifarbigen Westen steht au\u00dferdem ein Sondergewebe in orange-camo (siehe erstes Foto auf der Startseite) zur Auswahl.<\/p>\n<p>Ihre Farbw\u00fcnsche tragen Sie dann bitte in das freie Textfeld auf dem Bestellformular.<\/p>\n<p><span style=\"text-decoration: underline;\"><strong>Mehrpreis f\u00fcr zweifarbige Westen:<\/strong><\/span>\u00a0 25,- \u20ac<\/p>\n<p>[\/et_pb_text][et_pb_text admin_label=&#8220;6. \u00dcberschrift&#8220; _builder_version=&#8220;4.20.0&#8243; custom_padding=&#8220;2px||2px|||&#8220; border_style=&#8220;solid&#8220; global_colors_info=&#8220;{}&#8220;]<\/p>\n<h3>8. \u00c4nderungen und Reparaturen<\/h3>\n<p>[\/et_pb_text][et_pb_text admin_label=&#8220;6. Hinweis&#8220; _builder_version=&#8220;4.20.0&#8243; min_height=&#8220;184px&#8220; hover_enabled=&#8220;0&#8243; border_style=&#8220;solid&#8220; global_colors_info=&#8220;{}&#8220; sticky_enabled=&#8220;0&#8243;]<\/p>\n<p>Zu unserem Kundenservice geh\u00f6rt auch die \u00c4nderung oder Reparatur Ihrer HuProTex-Schutzweste.<\/p>\n<p><span style=\"color: #ff0000;\"><strong>Hierf\u00fcr m\u00fcssen die Westen unbedingt gereinigt und enthaart bei uns eingehen !!!<\/strong><\/span><\/p>\n<p><strong>Die Kosten richten sich nach dem Aufwand.<\/strong><\/p>\n<p><span style=\"color: #339966;\"><strong>Da wir etwa ab September und ganz besonders kurz vor und w\u00e4hrend der Dr\u00fcckjagdsaison sehr stark ausgelastet sind, kann es dann zu l\u00e4ngeren Wartezeiten kommen.\u00a0 Dies k\u00f6nnen Sie vermeiden, wenn Sie uns\u00a0 Ihre Weste rechtzeitig vorher zusenden.<\/strong><\/span><\/p>\n<p>[\/et_pb_text][\/et_pb_column][\/et_pb_row][\/et_pb_section]<\/p>\n","protected":false},"excerpt":{"rendered":"<p>1. Schulterschutz Alle Schutzwesten ab einem Brustumfang von 58,0cm, k\u00f6nnen mit einem zus\u00e4tzlichen Schulterschutz ausgestattet werden. Dieser erh\u00f6ht den Schutz des Hundes im Bereich des Vorderlaufes und der Achselh\u00f6hle, ohne die Bewegungsfreiheit zu behindern und ist mit einem schwimmf\u00e4higen und sto\u00dfd\u00e4mpfenden Schaumstoffpolster versehen. Farben:\u00a0 Der Schulterschutz hat standardm\u00e4\u00dfig bei allen Westen die Farbe Rot. Auf [&hellip;]<\/p>\n","protected":false},"author":1,"featured_media":0,"parent":0,"menu_order":0,"comment_status":"closed","ping_status":"closed","template":"","meta":{"_et_pb_use_builder":"on","_et_pb_old_content":"","_et_gb_content_width":"","footnotes":""},"class_list":["post-282","page","type-page","status-publish","hentry"],"aioseo_notices":[],"_links":{"self":[{"href":"https:\/\/www.huprotex.de\/cms\/wp-json\/wp\/v2\/pages\/282","targetHints":{"allow":["GET"]}}],"collection":[{"href":"https:\/\/www.huprotex.de\/cms\/wp-json\/wp\/v2\/pages"}],"about":[{"href":"https:\/\/www.huprotex.de\/cms\/wp-json\/wp\/v2\/types\/page"}],"author":[{"embeddable":true,"href":"https:\/\/www.huprotex.de\/cms\/wp-json\/wp\/v2\/users\/1"}],"replies":[{"embeddable":true,"href":"https:\/\/www.huprotex.de\/cms\/wp-json\/wp\/v2\/comments?post=282"}],"version-history":[{"count":18,"href":"https:\/\/www.huprotex.de\/cms\/wp-json\/wp\/v2\/pages\/282\/revisions"}],"predecessor-version":[{"id":1428,"href":"https:\/\/www.huprotex.de\/cms\/wp-json\/wp\/v2\/pages\/282\/revisions\/1428"}],"wp:attachment":[{"href":"https:\/\/www.huprotex.de\/cms\/wp-json\/wp\/v2\/media?parent=282"}],"curies":[{"name":"wp","href":"https:\/\/api.w.org\/{rel}","templated":true}]}}