{"id":276,"date":"2017-07-31T10:32:52","date_gmt":"2017-07-31T08:32:52","guid":{"rendered":"https:\/\/www.huprotex.de\/cms\/?page_id=276"},"modified":"2017-08-14T18:19:07","modified_gmt":"2017-08-14T16:19:07","slug":"pruefzertifikate","status":"publish","type":"page","link":"https:\/\/www.huprotex.de\/cms\/pruefzertifikate\/","title":{"rendered":"Pr\u00fcfzertifikate"},"content":{"rendered":"<p>[et_pb_section bb_built=&#8220;1&#8243; admin_label=&#8220;section&#8220;][et_pb_row background_position=&#8220;top_left&#8220; background_repeat=&#8220;repeat&#8220; background_size=&#8220;initial&#8220;][et_pb_column type=&#8220;4_4&#8243;][et_pb_text admin_label=&#8220;1. Absatz&#8220; background_layout=&#8220;light&#8220; text_orientation=&#8220;left&#8220; border_style=&#8220;solid&#8220; background_position=&#8220;top_left&#8220; background_repeat=&#8220;repeat&#8220; background_size=&#8220;initial&#8220; _builder_version=&#8220;3.0.66&#8243;]<\/p>\n<p>Eine genormte Durchsto\u00dfpr\u00fcfung f\u00fcr Keilerwaffen gibt es noch nicht.<br \/>\nZahlenwerte zur Durchsto\u00dffestigkeit von Geweben sind nur vergleichbar, wenn sie nach dem gleichen, genormten Pr\u00fcfverfahren ermittelt wurden, denn die Durchsto\u00dfkraft h\u00e4ngt nat\u00fcrlich in erster Linie von dem Gegenstand ab, mit dem das Gewebe durchsto\u00dfen wird.<\/p>\n<p>Um eine Aussage \u00fcber die Durchsto\u00dffestigkeit einer Hundeschutzweste machen zu k\u00f6nnen, kann die Pr\u00fcfung nach DIN EN 13567 erfolgen.<br \/>\nDiese Durchsto\u00dfpr\u00fcfung ist f\u00fcr Fechtbekleidung gedacht und wird mit einer abgebrochenen, spitzen Florettklinge (Querschnitt ca. 3x3mm) durchgef\u00fchrt.<br \/>\nDabei werden 10 Durchsto\u00dfversuche durchgef\u00fchrt, aus denen dann ein Mittelwert gebildet wird<\/p>\n<p>[\/et_pb_text][\/et_pb_column][\/et_pb_row][et_pb_row admin_label=&#8220;row&#8220; background_position=&#8220;top_left&#8220; background_repeat=&#8220;repeat&#8220; background_size=&#8220;initial&#8220;][et_pb_column type=&#8220;1_3&#8243;][et_pb_image admin_label=&#8220;zert_ul&#8220; src=&#8220;https:\/\/www.huprotex.de\/cms\/wp-content\/uploads\/2017\/07\/zertifikat_ul.jpg&#8220; show_in_lightbox=&#8220;off&#8220; url_new_window=&#8220;off&#8220; use_overlay=&#8220;off&#8220; animation=&#8220;fade_in&#8220; sticky=&#8220;off&#8220; align=&#8220;left&#8220; force_fullwidth=&#8220;off&#8220; always_center_on_mobile=&#8220;on&#8220; use_border_color=&#8220;off&#8220; border_color=&#8220;#ffffff&#8220; border_style=&#8220;solid&#8220; \/][\/et_pb_column][et_pb_column type=&#8220;1_3&#8243;][et_pb_image admin_label=&#8220;zert_uls&#8220; src=&#8220;https:\/\/www.huprotex.de\/cms\/wp-content\/uploads\/2017\/07\/zertifikat_uls.jpg&#8220; show_in_lightbox=&#8220;off&#8220; url_new_window=&#8220;off&#8220; use_overlay=&#8220;off&#8220; animation=&#8220;fade_in&#8220; sticky=&#8220;off&#8220; align=&#8220;left&#8220; force_fullwidth=&#8220;off&#8220; always_center_on_mobile=&#8220;on&#8220; use_border_color=&#8220;off&#8220; border_color=&#8220;#ffffff&#8220; border_style=&#8220;solid&#8220; \/][\/et_pb_column][et_pb_column type=&#8220;1_3&#8243;][et_pb_image admin_label=&#8220;zert_ulx&#8220; src=&#8220;https:\/\/www.huprotex.de\/cms\/wp-content\/uploads\/2017\/07\/zertifikat_ulx.jpg&#8220; show_in_lightbox=&#8220;off&#8220; url_new_window=&#8220;off&#8220; use_overlay=&#8220;off&#8220; animation=&#8220;fade_in&#8220; sticky=&#8220;off&#8220; align=&#8220;left&#8220; force_fullwidth=&#8220;off&#8220; always_center_on_mobile=&#8220;on&#8220; use_border_color=&#8220;off&#8220; border_color=&#8220;#ffffff&#8220; border_style=&#8220;solid&#8220; \/][\/et_pb_column][\/et_pb_row][et_pb_row background_position=&#8220;top_left&#8220; background_repeat=&#8220;repeat&#8220; background_size=&#8220;initial&#8220;][et_pb_column type=&#8220;4_4&#8243;][et_pb_text admin_label=&#8220;2. Absatz&#8220; background_layout=&#8220;light&#8220; text_orientation=&#8220;left&#8220; border_style=&#8220;solid&#8220; background_position=&#8220;top_left&#8220; background_repeat=&#8220;repeat&#8220; background_size=&#8220;initial&#8220; _builder_version=&#8220;3.0.66&#8243;]<\/p>\n<p><strong>Fechtbekleidung<\/strong>\u00a0muss eine Durchsto\u00dffestigkeit von\u00a0<strong>mindestens 800 N<\/strong>\u00a0(ca. 80 kg) aufweisen.<br \/>\nDas hei\u00dft, bis zu einer Sto\u00dfkraft von 80 kg h\u00e4lt das Gewebe der spitzen Florettklinge stand.<br \/>\nIst die Kraft noch gr\u00f6\u00dfer, so wird es durchsto\u00dfen.<\/p>\n<p>Unsere\u00a0<strong>UL-Weste<\/strong>\u00a0hat laut dieser Pr\u00fcfung eine Durchsto\u00dffestigkeit von\u00a0<strong>890 N<\/strong>, also etwa 89 kg.<br \/>\nUnsere\u00a0<strong>ULS-Weste<\/strong>\u00a0hat eine Durchsto\u00dffestigkeit von\u00a0<strong>1420 N<\/strong>, also etwa 142 kg.<br \/>\nUnsere\u00a0<strong>ULX-Weste<\/strong>\u00a0hat eine Durchsto\u00dffestigkeit von\u00a0<strong>1665 N<\/strong>, also etwa 166 kg.<\/p>\n<p>Die Durchsto\u00dffestigkeit gegen\u00fcber Keilerwaffen wird vermutlich gr\u00f6\u00dfer sein, da diese nicht so schlank sind wie eine Florettklinge. Zahlenwerte hierf\u00fcr gibt es aber nicht.<\/p>\n<p>[\/et_pb_text][\/et_pb_column][\/et_pb_row][\/et_pb_section]<\/p>\n","protected":false},"excerpt":{"rendered":"<p>Eine genormte Durchsto\u00dfpr\u00fcfung f\u00fcr Keilerwaffen gibt es noch nicht. Zahlenwerte zur Durchsto\u00dffestigkeit von Geweben sind nur vergleichbar, wenn sie nach dem gleichen, genormten Pr\u00fcfverfahren ermittelt wurden, denn die Durchsto\u00dfkraft h\u00e4ngt nat\u00fcrlich in erster Linie von dem Gegenstand ab, mit dem das Gewebe durchsto\u00dfen wird. Um eine Aussage \u00fcber die Durchsto\u00dffestigkeit einer Hundeschutzweste machen zu k\u00f6nnen, [&hellip;]<\/p>\n","protected":false},"author":1,"featured_media":0,"parent":0,"menu_order":0,"comment_status":"closed","ping_status":"closed","template":"","meta":{"_et_pb_use_builder":"on","_et_pb_old_content":"","_et_gb_content_width":"","footnotes":""},"class_list":["post-276","page","type-page","status-publish","hentry"],"aioseo_notices":[],"_links":{"self":[{"href":"https:\/\/www.huprotex.de\/cms\/wp-json\/wp\/v2\/pages\/276","targetHints":{"allow":["GET"]}}],"collection":[{"href":"https:\/\/www.huprotex.de\/cms\/wp-json\/wp\/v2\/pages"}],"about":[{"href":"https:\/\/www.huprotex.de\/cms\/wp-json\/wp\/v2\/types\/page"}],"author":[{"embeddable":true,"href":"https:\/\/www.huprotex.de\/cms\/wp-json\/wp\/v2\/users\/1"}],"replies":[{"embeddable":true,"href":"https:\/\/www.huprotex.de\/cms\/wp-json\/wp\/v2\/comments?post=276"}],"version-history":[{"count":4,"href":"https:\/\/www.huprotex.de\/cms\/wp-json\/wp\/v2\/pages\/276\/revisions"}],"predecessor-version":[{"id":416,"href":"https:\/\/www.huprotex.de\/cms\/wp-json\/wp\/v2\/pages\/276\/revisions\/416"}],"wp:attachment":[{"href":"https:\/\/www.huprotex.de\/cms\/wp-json\/wp\/v2\/media?parent=276"}],"curies":[{"name":"wp","href":"https:\/\/api.w.org\/{rel}","templated":true}]}}