{"id":1037,"date":"2020-04-10T13:19:54","date_gmt":"2020-04-10T11:19:54","guid":{"rendered":"https:\/\/www.huprotex.de\/cms\/?page_id=1037"},"modified":"2025-04-09T16:46:32","modified_gmt":"2025-04-09T14:46:32","slug":"home","status":"publish","type":"page","link":"https:\/\/www.huprotex.de\/cms\/","title":{"rendered":"Home"},"content":{"rendered":"<p>[et_pb_section fb_built=&#8220;1&#8243; admin_label=&#8220;section&#8220; _builder_version=&#8220;4.16&#8243; custom_padding=&#8220;28px|||||&#8220; global_colors_info=&#8220;{}&#8220;][et_pb_row _builder_version=&#8220;4.16&#8243; global_colors_info=&#8220;{}&#8220;][et_pb_column type=&#8220;4_4&#8243; _builder_version=&#8220;4.16&#8243; global_colors_info=&#8220;{}&#8220;][et_pb_code _builder_version=&#8220;4.20.0&#8243; _module_preset=&#8220;default&#8220; global_colors_info=&#8220;{}&#8220;]<img decoding=\"async\" src=\"http:\/\/www.huprotex.de\/cms\/wp-content\/uploads\/2024\/01\/20230208_145936-scaled.jpg\">[\/et_pb_code][\/et_pb_column][\/et_pb_row][et_pb_row _builder_version=&#8220;4.16&#8243; global_colors_info=&#8220;{}&#8220;][et_pb_column type=&#8220;4_4&#8243; _builder_version=&#8220;4.16&#8243; global_colors_info=&#8220;{}&#8220;][et_pb_text _builder_version=&#8220;4.20.0&#8243; text_font_size=&#8220;18px&#8220; global_colors_info=&#8220;{}&#8220;]<\/p>\n<h2><strong>\u00a0 \u00a0 \u00a0 \u00a0 \u00a0 \u00a0 \u00a0 \u00a0 Wir fertigen individuelle und ma\u00dfgeschneiderte Hundeschutzwesten<\/strong><\/h2>\n<h3><strong>\u00a0 \u00a0 \u00a0 \u00a0 \u00a0 \u00a0 \u00a0 \u00a0 \u00a0 \u00a0 \u00a0 \u00a0 \u00a0 \u00a0 \u00a0 \u00a0 \u00a0 \u00a0 \u00a0 \u00a0 \u00a0 \u00a0 \u00a0 \u00a0 \u00a0 \u00a0 \u00a0 \u00a0 \u00a0 mit wahlweise 890 bis 2200 N Stichschutz<\/strong><\/h3>\n<h2><strong>\u00a0 \u00a0 \u00a0 \u00a0 \u00a0 \u00a0 \u00a0 \u00a0 sowie Schutzhalsungen gegen Angriffe von Sauen, Raubwild und Wolf<\/strong><\/h2>\n<p>[\/et_pb_text][\/et_pb_column][\/et_pb_row][et_pb_row _builder_version=&#8220;4.16&#8243; global_colors_info=&#8220;{}&#8220;][et_pb_column type=&#8220;4_4&#8243; _builder_version=&#8220;4.16&#8243; global_colors_info=&#8220;{}&#8220;][et_pb_image src=&#8220;https:\/\/www.huprotex.de\/cms\/wp-content\/uploads\/2020\/04\/Wolfsschutzhalsung-Huprotex-e1586848843167.jpg&#8220; align=&#8220;center&#8220; _builder_version=&#8220;4.20.0&#8243; global_colors_info=&#8220;{}&#8220;][\/et_pb_image][\/et_pb_column][\/et_pb_row][et_pb_row _builder_version=&#8220;4.16&#8243; custom_padding=&#8220;||4px|||&#8220; global_colors_info=&#8220;{}&#8220;][et_pb_column type=&#8220;4_4&#8243; _builder_version=&#8220;4.16&#8243; global_colors_info=&#8220;{}&#8220;][et_pb_text _builder_version=&#8220;4.20.0&#8243; custom_padding=&#8220;||2px|||&#8220; hover_enabled=&#8220;0&#8243; global_colors_info=&#8220;{}&#8220; sticky_enabled=&#8220;0&#8243;]<\/p>\n<h3>Dabei setzen wir den Schwerpunkt auf <strong>maximale Schutzwirkung\u00a0<\/strong>f\u00fcr alle lebensbedrohlichen<\/h3>\n<h3>K\u00f6rperregionen\u00a0<strong>bei minimalem Gewicht<\/strong> der Schutzausr\u00fcstung und <strong>bei voller Bewegungsfreiheit.<\/strong><\/h3>\n<p><strong><\/strong><\/p>\n<h3>Mit unseren Schlagschutzwesten kann ein Jagdhund auch \u00fcber Stunden erm\u00fcdungsfrei arbeiten.<\/h3>\n<h3>Und wenn die Sauen aus dem Schilf quer \u00fcber einen See fl\u00fcchten, dann kann er mit der Weste<\/h3>\n<h3>hinterher schwimmen, ohne Gefahr dabei schon nach kurzer Strecke ertrinken zu m\u00fcssen.<\/h3>\n<p><strong><\/strong><\/p>\n<p><strong><\/strong><\/p>\n<h3><span style=\"text-decoration: underline;\">Zahlen sagen mehr als Worte:<\/span><\/h3>\n<h3>Eine <strong>Schlagschutzweste<\/strong> <strong>der h\u00f6chsten Schutzklasse<\/strong> (2200 N)\u00a0f\u00fcr einen<strong> gro\u00dfen Deutsch Drahthaar<\/strong><\/h3>\n<h3>wiegt\u00a0<span style=\"color: #ff0000;\"><span style=\"color: #000000;\">bei uns<\/span><strong><span style=\"color: #000000;\"> nur <\/span><\/strong><strong><span style=\"color: #000000;\">650 Gramm<\/span>\u00a0<\/strong><\/span>und eine <strong>Wolfsschutzhalsung<\/strong> f\u00fcr den gleichen Hund <strong>nur<\/strong> <span style=\"color: #000000;\"><strong>200 Gramm<\/strong>.<\/span><\/h3>\n<p><span style=\"color: #ff0000;\"><\/span><\/p>\n<p><span style=\"color: #ff0000;\"><\/span><\/p>\n<h3>Wir verwenden leichteste High-Tech-Stichschutzgewebe und verzichten zu Gunsten<\/h3>\n<h3>von<strong> Ausdauer, Bewegungsfreiheit und Schwimmverm\u00f6gen des Hundes<\/strong><\/h3>\n<h3>ganz bewusst auf hinderliche Ausstattungen wie &#8222;\u00c4rmel&#8220; und &#8222;Hosenbeine&#8220; <span style=\"font-size: 16px;\">.<\/span><\/h3>\n<p>&nbsp;<\/p>\n<h4><a href=\"#anker1\"><span style=\"text-decoration: underline; color: #3366ff;\"><strong>Zu den Schutzhalsungen geht es hier \u2013&gt;<\/strong><\/span><\/a><\/h4>\n<p>&nbsp;<\/p>\n<p>[\/et_pb_text][\/et_pb_column][\/et_pb_row][et_pb_row _builder_version=&#8220;4.16&#8243; global_colors_info=&#8220;{}&#8220;][et_pb_column type=&#8220;4_4&#8243; _builder_version=&#8220;4.16&#8243; global_colors_info=&#8220;{}&#8220;][et_pb_text _builder_version=&#8220;4.19.5&#8243; custom_padding=&#8220;||1px|||&#8220; global_colors_info=&#8220;{}&#8220;]<\/p>\n<h2><span style=\"color: #000000;\"><strong><u><\/u><\/strong><\/span><\/h2>\n<h1><span style=\"color: #339966;\"><strong><u>unsere Hundeschutzwesten:<\/u><\/strong><\/span><strong><span style=\"color: #ff0000;\">\u00a0<\/span>\u00a0<\/strong><\/h1>\n<h3><strong>\u00a0\u00a0\u00a0\u00a0\u00a0\u00a0 <\/strong><\/h3>\n<h3>Unsere Hundeschutzwesten sind <strong>Einzelanfertigungen<\/strong>, die <strong>nach den Ma\u00dfen des Hundes<\/strong> und<\/h3>\n<h3><strong>den W\u00fcnschen des Hundef\u00fchrers<\/strong> bez\u00fcglich Schutzklasse, Farben und individuellen Ausstattungen<\/h3>\n<h3>gefertigt werden.<\/h3>\n<p>&nbsp;<\/p>\n<h3>Es gibt die Westen in <strong>rot, orange, blau, gr\u00fcn <\/strong>oder auch<strong> zweifarbig, oder camo<\/strong> und alle Westen haben<\/h3>\n<h3>beidseitig von vorn bis hinten einen breiten neongelben, reflektierenden Signalstreifen.<\/h3>\n<p>&nbsp;<\/p>\n<h3>alle Farbvarianten\u00a0 <a href=\"https:\/\/www.huprotex.de\/cms\/bilder\/\"><span style=\"text-decoration: underline; color: #3366ff;\"><strong>siehe Fotogallerie \u2013&gt;<\/strong><\/span><\/a><\/h3>\n<p>[\/et_pb_text][\/et_pb_column][\/et_pb_row][et_pb_row _builder_version=&#8220;4.16&#8243; global_colors_info=&#8220;{}&#8220;][et_pb_column type=&#8220;4_4&#8243; _builder_version=&#8220;4.16&#8243; global_colors_info=&#8220;{}&#8220;][et_pb_image src=&#8220;https:\/\/www.huprotex.de\/cms\/wp-content\/uploads\/2020\/04\/Farbvarianten-Huprotex-Westen-e1586851806556.jpg&#8220; align=&#8220;center&#8220; _builder_version=&#8220;4.16&#8243; global_colors_info=&#8220;{}&#8220;][\/et_pb_image][\/et_pb_column][\/et_pb_row][et_pb_row _builder_version=&#8220;4.16&#8243; global_colors_info=&#8220;{}&#8220;][et_pb_column type=&#8220;4_4&#8243; _builder_version=&#8220;4.16&#8243; global_colors_info=&#8220;{}&#8220;][et_pb_text _builder_version=&#8220;4.16&#8243; global_colors_info=&#8220;{}&#8220;]<\/p>\n<h3>In Abh\u00e4ngigkeit von K\u00f6rpergewicht und Wildsch\u00e4rfe des Hundes stehen <strong>vier Stichschutzklassen<\/strong><\/h3>\n<h3>zur Auswahl (<strong>UL <\/strong>mit 890N<strong>, ULS <\/strong>mit 1420N<strong>, ULX <\/strong>mit 1665N<strong> und ULXX <\/strong>mit 2200N)<\/h3>\n<h3>und au\u00dferdem noch eine <strong>robuste und<\/strong>\u00a0<strong>dornenfeste Signalweste<\/strong> (<strong>S<\/strong>) ohne Schlagschutz.<\/h3>\n<p>&nbsp;<\/p>\n<h3>Weitere Detailinfos zu den verschiedenen Hundeschutzwesten, m\u00f6gliche individuelle Ausstattungen<\/h3>\n<h3>und alle Preise finden Sie in der Rubrik <span style=\"color: #339966;\">\u201e<strong>Produkte<\/strong>\u201c <\/span>(ganz oben auf dieser Seite).<\/h3>\n<p>&nbsp;<\/p>\n<h3>Ein Video, wie man dem Hund die Weste anlegt u<span style=\"color: #000000;\"><\/span>nd wieder auszieht\u00a0 und auch<\/h3>\n<h3>eine Videoanleitung zur Vermessung Ihres Hundes finden Sie in unserer\u00a0\u00a0<a href=\"https:\/\/www.huprotex.de\/cms\/videos\/\"><span style=\"text-decoration: underline; color: #3366ff;\"><strong>Videogallerie &#8211;&gt;<\/strong><\/span><\/a><\/h3>\n<p>&nbsp;<\/p>\n<h3>Und hier<strong><\/strong> geht\u2019s zum <a href=\"https:\/\/www.huprotex.de\/cms\/onlineformular\/\"><span style=\"text-decoration: underline; color: #3366ff;\"><strong>Bestellformular &#8211;&gt;<\/strong><\/span><\/a><\/h3>\n<p><span style=\"text-decoration: underline; color: #3366ff;\"><strong><\/strong><\/span><\/p>\n<p><span style=\"text-decoration: underline; color: #3366ff;\"><strong><\/strong><\/span><\/p>\n<p><span style=\"text-decoration: underline; color: #3366ff;\"><strong><\/strong><\/span><\/p>\n<h4><strong>Wer zur Entscheidungshilfe noch mehr Hintergrundinformationen zum Thema Hundeschutzwesten sucht,<\/strong><\/h4>\n<h4><strong> wird in unserer Rubrik\u00a0<\/strong><strong><span style=\"color: #339966;\">\u201eVerschiedenes\u201c<\/span> und dann\u00a0<span style=\"color: #339966;\">\u201eWesten-Know-How\u201c<\/span>\u00a0 f\u00fcndig.<\/strong><\/h4>\n<p>&nbsp;<\/p>\n<p>[\/et_pb_text][\/et_pb_column][\/et_pb_row][et_pb_row _builder_version=&#8220;4.16&#8243; global_colors_info=&#8220;{}&#8220;][et_pb_column type=&#8220;4_4&#8243; _builder_version=&#8220;4.16&#8243; global_colors_info=&#8220;{}&#8220;][et_pb_text module_id=&#8220;anker1&#8243; _builder_version=&#8220;4.20.0&#8243; global_colors_info=&#8220;{}&#8220;]<\/p>\n<h2><span style=\"color: #000000;\"><strong><u><\/u><\/strong><\/span><\/h2>\n<p><span style=\"color: #000000;\"><strong><u><\/u><\/strong><\/span><\/p>\n<h1><span style=\"color: #339966;\"><strong><u>unsere patentierten Schutzhalsungen:<\/u><\/strong><\/span><\/h1>\n<p><span style=\"color: #000000;\"><strong><u><\/u><\/strong><\/span><\/p>\n<p><span style=\"color: #000000;\"><strong><u><\/u><\/strong><\/span><\/p>\n<h3>Unser Ziel war es, eine m\u00f6glichst<strong> leichte und komfortabel zu tragende Halsung<\/strong><\/h3>\n<h3>zu entwickeln, die neben dem <strong>Schlagschutz<\/strong> gegen wehrhafte Sauen<\/h3>\n<h3>auch einen zuverl\u00e4ssigen <strong>Bei\u00df- und W\u00fcrgeschutz<\/strong> gegen alle zahnbewaffneten Angreifer<\/h3>\n<h3>wie z.B. Waschb\u00e4ren, Dachse, Nutria, aggressive Hundekollegen oder auch W\u00f6lfe bietet.<\/h3>\n<p>&nbsp;<\/p>\n<h3>Eine universelle Schutzhalsung, die\u00a0f\u00fcr den<strong> t\u00e4glichen Spaziergang in Wolfsregionen <\/strong><\/h3>\n<h3>genauso geeignet ist, wie f\u00fcr den<strong> Jagdeinsatz bei Dr\u00fcckjagden <\/strong>oder<\/h3>\n<h3>als breite und stabile <strong>Schwei\u00dfhalsung bei Nachsuchen<\/strong>.<\/h3>\n<p>[\/et_pb_text][\/et_pb_column][\/et_pb_row][et_pb_row _builder_version=&#8220;4.16&#8243; global_colors_info=&#8220;{}&#8220;][et_pb_column type=&#8220;4_4&#8243; _builder_version=&#8220;4.16&#8243; global_colors_info=&#8220;{}&#8220;][et_pb_image src=&#8220;https:\/\/www.huprotex.de\/cms\/wp-content\/uploads\/2020\/04\/Schutzhalsungen-Huprotex-e1586849147357.jpg&#8220; align=&#8220;center&#8220; _builder_version=&#8220;4.16&#8243; global_colors_info=&#8220;{}&#8220;][\/et_pb_image][\/et_pb_column][\/et_pb_row][et_pb_row _builder_version=&#8220;4.16&#8243; global_colors_info=&#8220;{}&#8220;][et_pb_column type=&#8220;4_4&#8243; _builder_version=&#8220;4.16&#8243; global_colors_info=&#8220;{}&#8220;][et_pb_text _builder_version=&#8220;4.20.0&#8243; global_colors_info=&#8220;{}&#8220;]<\/p>\n<h3>Es stehen <strong>drei verschiedene Ausf\u00fchrungen<\/strong> zur Auswahl\u00a0 (<strong>SR, SR-garmin, WSR<\/strong>)<\/h3>\n<h3>und <strong>vier verschiedene Baugr\u00f6\u00dfen<\/strong> (in der L\u00e4nge jeweils um 6 cm verstellbar).<\/h3>\n<h3>Die Standardfarbe ist <strong>rot\/neongelb<\/strong>. Andere Farben und Gr\u00f6\u00dfen sind auf Anfrage m\u00f6glich.<\/h3>\n<h3>Unsere Wolfsschutzhalsung WSR und auch die Halsungsvariante SR k\u00f6nnen auf Wunsch<\/h3>\n<h3>zus\u00e4tzlich mit einer <strong>Tasche f\u00fcr GPS-Tracker<\/strong> ausger\u00fcstet werden.<\/h3>\n<p>&nbsp;<\/p>\n<h3>Weitere Detailinfos zu den verschiedenen Ausf\u00fchrungen, Gr\u00f6\u00dfen und Preisen<\/h3>\n<h3>finden Sie in der Rubrik <span style=\"color: #339966;\">\u201e<strong>Produkte<\/strong>\u201c<\/span>\u00a0(ganz oben auf dieser Seite).<\/h3>\n<p>&nbsp;<\/p>\n<h3>Ein <strong>Video zu den Schutzhalsungen<\/strong> finden Sie <a href=\"https:\/\/www.huprotex.de\/cms\/schutzhalsungen\/\"><span style=\"text-decoration: underline; color: #3366ff;\"><strong>hier &#8211;&gt;<\/strong><\/span><\/a><\/h3>\n<p><span style=\"text-decoration: underline; color: #3366ff;\"><strong><\/strong><\/span><\/p>\n<p><strong><\/strong><\/p>\n<h3>Und hier<strong> <\/strong>geht\u2019s zum <a href=\"https:\/\/www.huprotex.de\/cms\/bestellung-schutzhalsung\/\"><span style=\"text-decoration: underline; color: #3366ff;\"><strong>Bestellformular &#8211;&gt;<\/strong><\/span><\/a><\/h3>\n<p><span style=\"text-decoration: underline; color: #3366ff;\"><strong><\/strong><\/span><\/p>\n<p><span style=\"text-decoration: underline; color: #3366ff;\"><strong><\/strong><\/span><\/p>\n<p>[\/et_pb_text][\/et_pb_column][\/et_pb_row][et_pb_row _builder_version=&#8220;4.16&#8243; global_colors_info=&#8220;{}&#8220;][et_pb_column type=&#8220;4_4&#8243; _builder_version=&#8220;4.16&#8243; global_colors_info=&#8220;{}&#8220;][et_pb_text _builder_version=&#8220;4.19.5&#8243; global_colors_info=&#8220;{}&#8220;]<\/p>\n<h3><span style=\"color: #ff0000;\"><strong><u><\/u><\/strong><\/span><\/h3>\n<h2><span style=\"color: #339966;\"><strong><u>Das k\u00f6nnen Sie von uns erwarten:<\/u><\/strong><\/span><\/h2>\n<p><span style=\"color: #ff0000;\"><strong><u><\/u><\/strong><\/span><\/p>\n<p><span style=\"color: #ff0000;\"><strong><u><\/u><\/strong><\/span><\/p>\n<h4>Wir sind selbst Hundef\u00fchrer und haben 20 Jahre Erfahrung mit der Herstellung von Schutzausr\u00fcstungen f\u00fcr Jagdhunde.<\/h4>\n<h4><\/h4>\n<h4>Sie bekommen eine ehrliche und kompetente Beratung auch wenn Sie nicht bei uns kaufen wollen.<\/h4>\n<h4><\/h4>\n<h4>Wenn eine Weste nicht passt, wird sie ge\u00e4ndert und wenn ein Halsband nicht passt, k\u00f6nnen Sie es umtauschen.<\/h4>\n<h4><\/h4>\n<h4>Wir fertigen leichte und hocheffiziente Schutzausr\u00fcstung f\u00fcr Leistungssportler auf vier Pfoten.<\/h4>\n<h4><\/h4>\n<h4>Unsere Westen und Halsb\u00e4nder sind robust verarbeitet und werden, je nach Einsatzh\u00e4ufigkeit, etwa 5 bis 10 Jahre lang halten.<\/h4>\n<h4><\/h4>\n<h4>Wir stehen Ihnen auch bei Reparaturen oder \u00c4nderungen jederzeit zur Verf\u00fcgung.<\/h4>\n<h3><\/h3>\n<h3><strong><span style=\"font-size: large;\">F\u00fcr uns ist der Jagdhund ein festes Mitglied der Familie und wir freuen uns \u00fcber jeden Fall,<\/span><\/strong><\/h3>\n<h3><strong><span style=\"font-size: large;\"> wo wir ein vierbeiniges Familienmitglied vor schlimmen Verletzungen und Schmerzen bewahren k\u00f6nnen.\u00a0<\/span> <\/strong><\/h3>\n<p>[\/et_pb_text][\/et_pb_column][\/et_pb_row][\/et_pb_section]<\/p>\n","protected":false},"excerpt":{"rendered":"<p>\u00a0 \u00a0 \u00a0 \u00a0 \u00a0 \u00a0 \u00a0 \u00a0 Wir fertigen individuelle und ma\u00dfgeschneiderte Hundeschutzwesten \u00a0 \u00a0 \u00a0 \u00a0 \u00a0 \u00a0 \u00a0 \u00a0 \u00a0 \u00a0 \u00a0 \u00a0 \u00a0 \u00a0 \u00a0 \u00a0 \u00a0 \u00a0 \u00a0 \u00a0 \u00a0 \u00a0 \u00a0 \u00a0 \u00a0 \u00a0 \u00a0 \u00a0 \u00a0 mit wahlweise 890 bis 2200 N Stichschutz \u00a0 \u00a0 \u00a0 \u00a0 \u00a0 [&hellip;]<\/p>\n","protected":false},"author":1,"featured_media":0,"parent":0,"menu_order":0,"comment_status":"closed","ping_status":"closed","template":"","meta":{"_et_pb_use_builder":"on","_et_pb_old_content":"","_et_gb_content_width":"","footnotes":""},"class_list":["post-1037","page","type-page","status-publish","hentry"],"aioseo_notices":[],"_links":{"self":[{"href":"https:\/\/www.huprotex.de\/cms\/wp-json\/wp\/v2\/pages\/1037","targetHints":{"allow":["GET"]}}],"collection":[{"href":"https:\/\/www.huprotex.de\/cms\/wp-json\/wp\/v2\/pages"}],"about":[{"href":"https:\/\/www.huprotex.de\/cms\/wp-json\/wp\/v2\/types\/page"}],"author":[{"embeddable":true,"href":"https:\/\/www.huprotex.de\/cms\/wp-json\/wp\/v2\/users\/1"}],"replies":[{"embeddable":true,"href":"https:\/\/www.huprotex.de\/cms\/wp-json\/wp\/v2\/comments?post=1037"}],"version-history":[{"count":86,"href":"https:\/\/www.huprotex.de\/cms\/wp-json\/wp\/v2\/pages\/1037\/revisions"}],"predecessor-version":[{"id":1439,"href":"https:\/\/www.huprotex.de\/cms\/wp-json\/wp\/v2\/pages\/1037\/revisions\/1439"}],"wp:attachment":[{"href":"https:\/\/www.huprotex.de\/cms\/wp-json\/wp\/v2\/media?parent=1037"}],"curies":[{"name":"wp","href":"https:\/\/api.w.org\/{rel}","templated":true}]}}